{"id":279,"date":"2026-02-25T13:48:38","date_gmt":"2026-02-25T10:48:38","guid":{"rendered":"https:\/\/steakhouse.keyboart.lt\/renginiai\/"},"modified":"2026-03-05T11:16:17","modified_gmt":"2026-03-05T08:16:17","slug":"events","status":"publish","type":"page","link":"https:\/\/steakhouse.keyboart.lt\/en\/events\/","title":{"rendered":"Events"},"content":{"rendered":"<section class=\"l-section wpb_row us_custom_2c2b726a height_medium\"><div class=\"l-section-h i-cf\"><div class=\"g-cols vc_row via_grid cols_1 laptops-cols_inherit tablets-cols_inherit mobiles-cols_1 valign_middle type_default stacking_default\" style=\"--columns-gap:0rem;\"><div class=\"wpb_column vc_column_container\"><div class=\"vc_column-inner\"><div class=\"w-separator size_custom\" style=\"height:0rem\" id=\"m3e1\"><style>@media(max-width:1024px){ #m3e1{height:2rem!important}}@media(max-width:600px){ #m3e1{height:2rem!important}}<\/style><\/div><h1 class=\"w-text us_custom_a9e793f9 puslapio-pavadinimas\"><span class=\"w-text-h\"><span class=\"w-text-value\">Events<\/span><\/span><\/h1><div class=\"wpb_text_column us_custom_3e6d4176 background_inside_text\"><div class=\"wpb_wrapper\"><p>Located in a 16th-century monastery building near St. Anne\u2019s Church in Vilnius Old Town, Hazienda Steakhouse offers a distinctive setting for private and corporate events.<\/p>\n<\/div><\/div><div class=\"w-separator size_custom\" style=\"height:4rem\"><\/div><\/div><\/div><\/div><\/div><\/section><section class=\"l-section wpb_row us_custom_56193a09 height_auto with_video\"><div id=\"us_bg_video_w979\" class=\"l-section-video\"><script id=\"us_bg_video_w979-script\">!function(w){var node = document.getElementById( 'us_bg_video_w979' );if ( w.innerWidth <= 100 ) { node.remove() }}(window);<\/script><style>@media(max-width:100px){#us_bg_video_w979{display:none!important}}<\/style><video  autoplay loop muted playsinline preload=\"auto\" tabindex=\"-1\"><source type=\"video\/mp4\" src=\"\/wp-content\/uploads\/Demo-video-01.mp4\" \/><\/video><\/div><div class=\"l-section-h i-cf\"><div class=\"g-cols vc_row via_grid cols_1 laptops-cols_inherit tablets-cols_inherit mobiles-cols_1 valign_top type_default stacking_default\"><div class=\"wpb_column vc_column_container\"><div class=\"vc_column-inner\"><div class=\"w-separator size_custom\" style=\"height:450px\" id=\"gcd3\"><style>@media(max-width:1024px){ #gcd3{height:350px!important}}@media(max-width:600px){ #gcd3{height:350px!important}}<\/style><\/div><\/div><\/div><\/div><\/div><\/section><section class=\"l-section wpb_row us_custom_3e56e1c3 has_text_color height_auto\"><div class=\"l-section-h i-cf\"><div class=\"g-cols vc_row via_grid cols_1 laptops-cols_inherit tablets-cols_inherit mobiles-cols_1 valign_top type_default stacking_default\" style=\"--columns-gap:6rem;\"><div class=\"wpb_column vc_column_container us_custom_f70d789f us_animate_this type_sticky\"><div class=\"vc_column-inner\" style=\"top:30rem\"><div class=\"w-separator size_custom\" style=\"height:7rem\" id=\"gea4\"><style>@media(max-width:1024px){ #gea4{height:0rem!important}}@media(max-width:600px){ #gea4{height:0rem!important}}<\/style><\/div><\/div><\/div><\/div><\/div><\/section><section class=\"l-section wpb_row us_custom_3e56e1c3 renginiai-per-visa-plota has_text_color height_large\" id=\"renginiai\"><div class=\"l-section-h i-cf\"><div class=\"g-cols vc_row via_grid cols_1 laptops-cols_inherit tablets-cols_inherit mobiles-cols_1 valign_top type_default stacking_default\" style=\"--columns-gap:6rem;\"><div class=\"wpb_column vc_column_container us_custom_f70d789f us_animate_this type_sticky\"><div class=\"vc_column-inner\" style=\"top:30rem\"><div class=\"g-cols wpb_row via_grid cols_1 laptops-cols_inherit tablets-cols_inherit mobiles-cols_1 valign_top type_default stacking_default\" style=\"--columns-gap:3rem;\" id=\"renginiu-sarasas\"><div class=\"wpb_column vc_column_container\"><div class=\"vc_column-inner\"><div class=\"w-separator size_custom\" style=\"height:1.5rem\"><\/div><div class=\"wpb_text_column us_custom_2afef063 trumpas-aprasymas tamsus fonas\"><div class=\"wpb_wrapper\"><p>Located in a 16th-century monastery building near St. Anne\u2019s Church in Vilnius Old Town, <strong>Hazienda Steakhouse<\/strong> offers a distinctive setting for private and corporate events.<\/p>\n<p>Historic architecture, two elegant floors, professional service, and premium cuisine create a refined atmosphere for unforgettable occasions. We offer individually tailored menus \u2013 from dry-aged steaks to highly prized Wagyu beef, paired with carefully selected beverages.<\/p>\n<p>The restaurant comfortably hosts up to 70 guests. During the warm season, events can extend to our charming outdoor terrace surrounded by greenery and Old Town ambiance.<\/p>\n<p>Let us take care of the details \u2013 so you can fully enjoy your celebration.<\/p>\n<p>+370 684 24724<br \/>\nrenginiai@royalfood.lt<\/p>\n<\/div><\/div><div class=\"w-separator size_custom\" style=\"height:5rem\" id=\"kebc\"><style>@media(max-width:1024px){ #kebc{height:4rem!important}}@media(max-width:600px){ #kebc{height:4rem!important}}<\/style><\/div><div class=\"w-grid us_post_list type_grid layout_230 hidden cols_2 pagination_load_on_btn overflow_hidden preload_style_spinner\" id=\"us_post_list_jaf2\" style=\"--columns:2;--gap:1.5rem;\"><style>@media (max-width:600px){#us_post_list_jaf2{--columns:1!important}}.layout_230 .w-grid-item-h{background:#ffffff}.layout_230 .usg_post_image_1{transition-duration:0.3s;transform-origin:50% 50%;transform:scale(1) translate(0%,0%)}.layout_230 .w-grid-item-h:focus-within .usg_post_image_1,.layout_230 .w-grid-item-h:hover .usg_post_image_1{transform:scale(1.02) translate(0%,0%);opacity:1}.layout_230 .usg_post_image_1{width:35%!important;max-width:400px!important}.layout_230 .usg_post_title_1{font-size:24px!important;margin-bottom:0.2rem!important}.layout_230 .usg_hwrapper_1{height:100%!important}.layout_230 .usg_vwrapper_1{width:65%!important;padding:2.5rem 2rem 2.5rem 2.5rem!important}.layout_230 .usg_post_custom_field_1{font-size:15px!important;margin-top:0.7rem!important}.layout_230 .usg_hwrapper_2{font-size:15px!important;font-family:Open Sans!important;margin-top:1.2rem!important}.layout_230 .usg_text_1{color:rgba(43,33,32,0.25)!important;padding-left:9px!important;padding-right:9px!important}.layout_230 .usg_text_4{color:rgba(43,33,32,0.25)!important;padding-left:9px!important;padding-right:9px!important}.layout_230 .usg_btn_1{font-size:14px!important;margin-top:1.2rem!important}.layout_230 .usg_post_custom_field_5{font-size:15px!important;margin-bottom:0.7rem!important}@media (min-width:1025px) and (max-width:1380px){.layout_230 .usg_post_image_1{width:35%!important}.layout_230 .usg_vwrapper_1{width:65%!important;padding:2.5rem 2rem 2.5rem 2.5rem!important}}@media (min-width:601px) and (max-width:1024px){.layout_230 .usg_post_image_1{width:100%!important}.layout_230 .usg_vwrapper_1{width:100%!important;max-width:600px!important;padding:2.5rem 2rem 2.5rem 2.5rem!important}}@media (max-width:600px){.layout_230 .usg_post_image_1{width:100%!important}.layout_230 .usg_vwrapper_1{width:100%!important;padding:2.3rem 2rem 2rem 2rem!important}}<\/style><div class=\"w-grid-list\"><\/div><div class=\"g-loadmore hidden\"><div class=\"g-preloader type_1\"><div><\/div><\/div><button class=\"w-btn us-btn-style_4\"><span class=\"w-btn-label\">Show more events<\/span><\/button><\/div><div class=\"w-grid-list-json hidden\" onclick='return {&quot;max_num_pages&quot;:0,&quot;paginationBase&quot;:&quot;page&quot;,&quot;pagination&quot;:&quot;load_on_btn&quot;,&quot;paged&quot;:1,&quot;ajaxData&quot;:{&quot;action&quot;:&quot;us_ajax_post_list&quot;,&quot;meta_type&quot;:&quot;post&quot;,&quot;object_id&quot;:0,&quot;template_vars&quot;:{&quot;shortcode_base&quot;:&quot;us_post_list&quot;,&quot;paged&quot;:1,&quot;max_num_pages&quot;:0,&quot;no_results&quot;:true,&quot;us_post_content_design_css&quot;:[],&quot;found_posts&quot;:0,&quot;per_page&quot;:4,&quot;items_count&quot;:0,&quot;orderby_random_seed&quot;:null,&quot;source&quot;:&quot;all&quot;,&quot;custom_field_name&quot;:&quot;&quot;,&quot;ids&quot;:&quot;&quot;,&quot;post_type&quot;:&quot;renginys&quot;,&quot;attachment_ids&quot;:null,&quot;include_post_thumbnail&quot;:0,&quot;post_author&quot;:&quot;any&quot;,&quot;post_author_ids&quot;:&quot;&quot;,&quot;apply_url_params&quot;:0,&quot;ignore_sticky_posts&quot;:1,&quot;exclude_children&quot;:0,&quot;exclude_current_post&quot;:1,&quot;exclude_prev_posts&quot;:0,&quot;exclude_past_events&quot;:0,&quot;enable_items_offset&quot;:0,&quot;items_offset&quot;:&quot;1&quot;,&quot;tax_query_relation&quot;:&quot;none&quot;,&quot;tax_query&quot;:[{&quot;operator&quot;:&quot;IN&quot;,&quot;taxonomy&quot;:&quot;category&quot;,&quot;terms&quot;:&quot;&quot;,&quot;include_children&quot;:0}],&quot;meta_query_relation&quot;:&quot;AND&quot;,&quot;meta_query&quot;:&quot;%5B%7B%22key%22%3A%22renginio_data%22%2C%22compare%22%3A%22%3E%3D%22%2C%22value%22%3A%22%7B%7Btoday%7D%7D%22%7D%5D&quot;,&quot;orderby&quot;:&quot;renginio_data&quot;,&quot;orderby_custom_field&quot;:&quot;&quot;,&quot;orderby_custom_type&quot;:0,&quot;order_invert&quot;:0,&quot;show_all&quot;:0,&quot;quantity&quot;:&quot;4&quot;,&quot;posts_per_archive_page&quot;:0,&quot;no_items_action&quot;:&quot;message&quot;,&quot;no_items_message&quot;:&quot;No results found.&quot;,&quot;no_items_page_block&quot;:&quot;&quot;,&quot;pagination&quot;:&quot;load_on_btn&quot;,&quot;pagination_style&quot;:&quot;&quot;,&quot;pagination_btn_text&quot;:&quot;Show more events&quot;,&quot;pagination_btn_size&quot;:&quot;&quot;,&quot;pagination_btn_style&quot;:&quot;1&quot;,&quot;pagination_btn_fullwidth&quot;:0,&quot;items_layout&quot;:&quot;230&quot;,&quot;type&quot;:&quot;grid&quot;,&quot;items_valign&quot;:0,&quot;ignore_items_size&quot;:0,&quot;columns&quot;:&quot;2&quot;,&quot;items_gap&quot;:&quot;1.5rem&quot;,&quot;load_animation&quot;:&quot;none&quot;,&quot;items_preload_style&quot;:&quot;spinner&quot;,&quot;img_size&quot;:&quot;default&quot;,&quot;title_size&quot;:&quot;&quot;,&quot;items_ratio&quot;:&quot;default&quot;,&quot;items_ratio_width&quot;:&quot;21&quot;,&quot;items_ratio_height&quot;:&quot;9&quot;,&quot;overriding_link&quot;:&quot;%7B%22type%22%3A%22post%22%7D&quot;,&quot;popup_page_template&quot;:&quot;0&quot;,&quot;popup_width&quot;:&quot;&quot;,&quot;popup_arrows&quot;:1,&quot;breakpoint_1_width&quot;:&quot;1381px&quot;,&quot;breakpoint_1_cols&quot;:&quot;default&quot;,&quot;breakpoint_1_quantity&quot;:&quot;&quot;,&quot;breakpoint_1_gap&quot;:&quot;&quot;,&quot;breakpoint_2_width&quot;:&quot;1025px&quot;,&quot;breakpoint_2_cols&quot;:&quot;2&quot;,&quot;breakpoint_2_quantity&quot;:&quot;&quot;,&quot;breakpoint_2_gap&quot;:&quot;&quot;,&quot;breakpoint_3_width&quot;:&quot;601px&quot;,&quot;breakpoint_3_cols&quot;:&quot;1&quot;,&quot;breakpoint_3_quantity&quot;:&quot;&quot;,&quot;breakpoint_3_gap&quot;:&quot;&quot;,&quot;conditions_operator&quot;:&quot;always&quot;,&quot;conditions&quot;:[],&quot;css&quot;:null,&quot;el_class&quot;:&quot;&quot;,&quot;el_id&quot;:&quot;&quot;,&quot;enable_custom_html_atts&quot;:0,&quot;custom_html_atts&quot;:null,&quot;hide_on_states&quot;:&quot;&quot;,&quot;hide_for_sticky&quot;:0,&quot;hide_for_not_sticky&quot;:0,&quot;hide_below&quot;:&quot;0px&quot;,&quot;hide_above&quot;:&quot;0px&quot;,&quot;classes&quot;:&quot;&quot;},&quot;found_posts&quot;:0,&quot;per_page&quot;:4},&quot;facetedFilter&quot;:[]}'><\/div><\/div><div class=\"w-grid-none type_message\">No results found.<\/div><\/div><\/div><\/div><\/div><\/div><\/div><\/div><\/section>\n<section class=\"l-section wpb_row us_custom_63032772 circle-gradient us_animate_this height_large\" id=\"hero-center\"><div class=\"l-section-overlay\" style=\"background:linear-gradient(180deg, rgba(0,0,0,0) 0%,rgba(0,0,0,0.2) 33%,rgba(0,0,0,0.3) 67%,rgba(0,0,0,0.4) 100%)\"><\/div><div class=\"l-section-h i-cf\"><div class=\"g-cols vc_row via_grid cols_1 laptops-cols_inherit tablets-cols_inherit mobiles-cols_1 valign_bottom type_default stacking_default\"><div class=\"wpb_column vc_column_container us_custom_4eed1532\"><div class=\"vc_column-inner\"><div class=\"g-cols wpb_row hero-content-row via_grid cols_1 laptops-cols_inherit tablets-cols_inherit mobiles-cols_1 valign_top type_default stacking_default\" style=\"--columns-gap:3rem;\"><div class=\"wpb_column vc_column_container\"><div class=\"vc_column-inner\"><h2 class=\"w-text us_custom_638e79fa puslapio-pavadinimas\"><span class=\"w-text-h\"><span class=\"w-text-value\">Norite organizuoti savo rengin\u012f?<\/span><\/span><\/h2><div class=\"wpb_text_column us_custom_7c0f5dcd has_text_color background_inside_text\"><div class=\"wpb_wrapper\"><p>Norint organizuoti rengin\u012f Hazienda restorane ar kiemelyje, susisiekite su mumis el. pa\u0161tu <a href=\"mailto:renginiai@royalfood.lt\">renginiai@royalfood.lt<\/a> arba telefonu <a href=\"tel:+37068424724\">+370 684 24724<\/a><\/p>\n<\/div><\/div><\/div><\/div><\/div><\/div><\/div><\/div><\/div><\/section>\n\n","protected":false},"excerpt":{"rendered":"EventsLocated in a 16th-century monastery building near St. Anne\u2019s Church in Vilnius Old Town, Hazienda Steakhouse offers a distinctive setting for private and corporate events. Located in a 16th-century monastery building near St. Anne\u2019s Church in Vilnius Old Town, Hazienda Steakhouse offers a distinctive setting for private and corporate events. Historic architecture, two elegant floors,...","protected":false},"author":1,"featured_media":283,"parent":0,"menu_order":0,"comment_status":"closed","ping_status":"closed","template":"","meta":{"_acf_changed":false,"footnotes":""},"class_list":["post-279","page","type-page","status-publish","has-post-thumbnail","hentry"],"acf":[],"yoast_head":"<!-- This site is optimized with the Yoast SEO plugin v27.4 - https:\/\/yoast.com\/product\/yoast-seo-wordpress\/ -->\n<title>Events - Hazienda Steakhouse<\/title>\n<meta name=\"robots\" content=\"noindex, follow, max-snippet:-1, max-image-preview:large, max-video-preview:-1\" \/>\n<meta property=\"og:locale\" content=\"en_US\" \/>\n<meta property=\"og:type\" content=\"article\" \/>\n<meta property=\"og:title\" content=\"Events - Hazienda Steakhouse\" \/>\n<meta property=\"og:url\" content=\"https:\/\/steakhouse.keyboart.lt\/en\/events\/\" \/>\n<meta property=\"og:site_name\" content=\"Hazienda Steakhouse\" \/>\n<meta property=\"article:modified_time\" content=\"2026-03-05T08:16:17+00:00\" \/>\n<meta property=\"og:image\" content=\"http:\/\/steakhouse.keyboart.lt\/wp-content\/uploads\/Hazienda-157.webp\" \/>\n\t<meta property=\"og:image:width\" content=\"1600\" \/>\n\t<meta property=\"og:image:height\" content=\"1600\" \/>\n\t<meta property=\"og:image:type\" content=\"image\/webp\" \/>\n<meta name=\"twitter:card\" content=\"summary_large_image\" \/>\n<meta name=\"twitter:label1\" content=\"Est. reading time\" \/>\n\t<meta name=\"twitter:data1\" content=\"1 minute\" \/>\n<script type=\"application\/ld+json\" class=\"yoast-schema-graph\">{\"@context\":\"https:\\\/\\\/schema.org\",\"@graph\":[{\"@type\":\"WebPage\",\"@id\":\"https:\\\/\\\/steakhouse.keyboart.lt\\\/en\\\/events\\\/\",\"url\":\"https:\\\/\\\/steakhouse.keyboart.lt\\\/en\\\/events\\\/\",\"name\":\"Events - Hazienda Steakhouse\",\"isPartOf\":{\"@id\":\"https:\\\/\\\/steakhouse.keyboart.lt\\\/en\\\/#website\"},\"primaryImageOfPage\":{\"@id\":\"https:\\\/\\\/steakhouse.keyboart.lt\\\/en\\\/events\\\/#primaryimage\"},\"image\":{\"@id\":\"https:\\\/\\\/steakhouse.keyboart.lt\\\/en\\\/events\\\/#primaryimage\"},\"thumbnailUrl\":\"https:\\\/\\\/steakhouse.keyboart.lt\\\/wp-content\\\/uploads\\\/Hazienda-157.webp\",\"datePublished\":\"2026-02-25T10:48:38+00:00\",\"dateModified\":\"2026-03-05T08:16:17+00:00\",\"breadcrumb\":{\"@id\":\"https:\\\/\\\/steakhouse.keyboart.lt\\\/en\\\/events\\\/#breadcrumb\"},\"inLanguage\":\"en-US\",\"potentialAction\":[{\"@type\":\"ReadAction\",\"target\":[\"https:\\\/\\\/steakhouse.keyboart.lt\\\/en\\\/events\\\/\"]}]},{\"@type\":\"ImageObject\",\"inLanguage\":\"en-US\",\"@id\":\"https:\\\/\\\/steakhouse.keyboart.lt\\\/en\\\/events\\\/#primaryimage\",\"url\":\"https:\\\/\\\/steakhouse.keyboart.lt\\\/wp-content\\\/uploads\\\/Hazienda-157.webp\",\"contentUrl\":\"https:\\\/\\\/steakhouse.keyboart.lt\\\/wp-content\\\/uploads\\\/Hazienda-157.webp\",\"width\":1600,\"height\":1600},{\"@type\":\"BreadcrumbList\",\"@id\":\"https:\\\/\\\/steakhouse.keyboart.lt\\\/en\\\/events\\\/#breadcrumb\",\"itemListElement\":[{\"@type\":\"ListItem\",\"position\":1,\"name\":\"Home\",\"item\":\"https:\\\/\\\/steakhouse.keyboart.lt\\\/en\\\/\"},{\"@type\":\"ListItem\",\"position\":2,\"name\":\"Events\"}]},{\"@type\":\"WebSite\",\"@id\":\"https:\\\/\\\/steakhouse.keyboart.lt\\\/en\\\/#website\",\"url\":\"https:\\\/\\\/steakhouse.keyboart.lt\\\/en\\\/\",\"name\":\"Hazienda Steakhouse\",\"description\":\"Holistin\u0117s virtuv\u0117s kepsni\u0173 namai XVI a. vienuolyne\",\"potentialAction\":[{\"@type\":\"SearchAction\",\"target\":{\"@type\":\"EntryPoint\",\"urlTemplate\":\"https:\\\/\\\/steakhouse.keyboart.lt\\\/en\\\/?s={search_term_string}\"},\"query-input\":{\"@type\":\"PropertyValueSpecification\",\"valueRequired\":true,\"valueName\":\"search_term_string\"}}],\"inLanguage\":\"en-US\"}]}<\/script>\n<!-- \/ Yoast SEO plugin. -->","yoast_head_json":{"title":"Events - Hazienda Steakhouse","robots":{"index":"noindex","follow":"follow","max-snippet":"max-snippet:-1","max-image-preview":"max-image-preview:large","max-video-preview":"max-video-preview:-1"},"og_locale":"en_US","og_type":"article","og_title":"Events - Hazienda Steakhouse","og_url":"https:\/\/steakhouse.keyboart.lt\/en\/events\/","og_site_name":"Hazienda Steakhouse","article_modified_time":"2026-03-05T08:16:17+00:00","og_image":[{"width":1600,"height":1600,"url":"http:\/\/steakhouse.keyboart.lt\/wp-content\/uploads\/Hazienda-157.webp","type":"image\/webp"}],"twitter_card":"summary_large_image","twitter_misc":{"Est. reading time":"1 minute"},"schema":{"@context":"https:\/\/schema.org","@graph":[{"@type":"WebPage","@id":"https:\/\/steakhouse.keyboart.lt\/en\/events\/","url":"https:\/\/steakhouse.keyboart.lt\/en\/events\/","name":"Events - Hazienda Steakhouse","isPartOf":{"@id":"https:\/\/steakhouse.keyboart.lt\/en\/#website"},"primaryImageOfPage":{"@id":"https:\/\/steakhouse.keyboart.lt\/en\/events\/#primaryimage"},"image":{"@id":"https:\/\/steakhouse.keyboart.lt\/en\/events\/#primaryimage"},"thumbnailUrl":"https:\/\/steakhouse.keyboart.lt\/wp-content\/uploads\/Hazienda-157.webp","datePublished":"2026-02-25T10:48:38+00:00","dateModified":"2026-03-05T08:16:17+00:00","breadcrumb":{"@id":"https:\/\/steakhouse.keyboart.lt\/en\/events\/#breadcrumb"},"inLanguage":"en-US","potentialAction":[{"@type":"ReadAction","target":["https:\/\/steakhouse.keyboart.lt\/en\/events\/"]}]},{"@type":"ImageObject","inLanguage":"en-US","@id":"https:\/\/steakhouse.keyboart.lt\/en\/events\/#primaryimage","url":"https:\/\/steakhouse.keyboart.lt\/wp-content\/uploads\/Hazienda-157.webp","contentUrl":"https:\/\/steakhouse.keyboart.lt\/wp-content\/uploads\/Hazienda-157.webp","width":1600,"height":1600},{"@type":"BreadcrumbList","@id":"https:\/\/steakhouse.keyboart.lt\/en\/events\/#breadcrumb","itemListElement":[{"@type":"ListItem","position":1,"name":"Home","item":"https:\/\/steakhouse.keyboart.lt\/en\/"},{"@type":"ListItem","position":2,"name":"Events"}]},{"@type":"WebSite","@id":"https:\/\/steakhouse.keyboart.lt\/en\/#website","url":"https:\/\/steakhouse.keyboart.lt\/en\/","name":"Hazienda Steakhouse","description":"Holistin\u0117s virtuv\u0117s kepsni\u0173 namai XVI a. vienuolyne","potentialAction":[{"@type":"SearchAction","target":{"@type":"EntryPoint","urlTemplate":"https:\/\/steakhouse.keyboart.lt\/en\/?s={search_term_string}"},"query-input":{"@type":"PropertyValueSpecification","valueRequired":true,"valueName":"search_term_string"}}],"inLanguage":"en-US"}]}},"_links":{"self":[{"href":"https:\/\/steakhouse.keyboart.lt\/en\/wp-json\/wp\/v2\/pages\/279","targetHints":{"allow":["GET"]}}],"collection":[{"href":"https:\/\/steakhouse.keyboart.lt\/en\/wp-json\/wp\/v2\/pages"}],"about":[{"href":"https:\/\/steakhouse.keyboart.lt\/en\/wp-json\/wp\/v2\/types\/page"}],"author":[{"embeddable":true,"href":"https:\/\/steakhouse.keyboart.lt\/en\/wp-json\/wp\/v2\/users\/1"}],"replies":[{"embeddable":true,"href":"https:\/\/steakhouse.keyboart.lt\/en\/wp-json\/wp\/v2\/comments?post=279"}],"version-history":[{"count":5,"href":"https:\/\/steakhouse.keyboart.lt\/en\/wp-json\/wp\/v2\/pages\/279\/revisions"}],"predecessor-version":[{"id":571,"href":"https:\/\/steakhouse.keyboart.lt\/en\/wp-json\/wp\/v2\/pages\/279\/revisions\/571"}],"wp:featuredmedia":[{"embeddable":true,"href":"https:\/\/steakhouse.keyboart.lt\/en\/wp-json\/wp\/v2\/media\/283"}],"wp:attachment":[{"href":"https:\/\/steakhouse.keyboart.lt\/en\/wp-json\/wp\/v2\/media?parent=279"}],"curies":[{"name":"wp","href":"https:\/\/api.w.org\/{rel}","templated":true}]}}