{"id":400,"date":"2026-02-25T13:45:08","date_gmt":"2026-02-25T10:45:08","guid":{"rendered":"https:\/\/steakhouse.keyboart.lt\/kontaktai\/"},"modified":"2026-02-25T20:34:13","modified_gmt":"2026-02-25T17:34:13","slug":"contacts","status":"publish","type":"page","link":"https:\/\/steakhouse.keyboart.lt\/en\/contacts\/","title":{"rendered":"Contacts"},"content":{"rendered":"<section class=\"l-section wpb_row us_custom_159e9a2c circle-gradient us_animate_this height_large\" id=\"hero-center\"><div class=\"l-section-overlay\" style=\"background:linear-gradient(180deg, rgba(0,0,0,0.6) 0%,rgba(0,0,0,0.15) 17%,transparent 33%,rgba(0,0,0,0.1) 50%,rgba(0,0,0,0.2) 67%,rgba(0,0,0,0.5) 83%,rgba(0,0,0,0.5) 100%)\"><\/div><div class=\"l-section-h i-cf\"><div class=\"g-cols vc_row via_grid cols_1 laptops-cols_inherit tablets-cols_inherit mobiles-cols_1 valign_bottom type_default stacking_default\"><div class=\"wpb_column vc_column_container us_custom_4eed1532\"><div class=\"vc_column-inner\"><div class=\"g-cols wpb_row hero-content-row via_grid cols_1 laptops-cols_inherit tablets-cols_inherit mobiles-cols_1 valign_top type_default stacking_default\" style=\"--columns-gap:3rem;\"><div class=\"wpb_column vc_column_container\"><div class=\"vc_column-inner\"><h1 class=\"w-text us_custom_3ba92e96 puslapio-pavadinimas\"><span class=\"w-text-h\"><span class=\"w-text-value\">Contacts<\/span><\/span><\/h1><div class=\"w-separator size_custom\" style=\"height:0.5rem\" id=\"x915\"><style>@media(max-width:1024px){ #x915{height:0rem!important}}@media(max-width:600px){ #x915{height:0rem!important}}<\/style><\/div><div class=\"wpb_text_column us_custom_c206a580 background_inside_text\"><div class=\"wpb_wrapper\"><p>Kiekvienas m\u016bs\u0173 patiekalas \u2013 tai daugiau nei maistas, tai istorija, kuri gimsta i\u0161 kokyb\u0117s, aistros ir d\u0117mesio detal\u0117ms<\/p>\n<\/div><\/div><\/div><\/div><\/div><\/div><\/div><\/div><\/div><\/section><section class=\"l-section wpb_row height_large\" id=\"kontaktai\"><div class=\"l-section-h i-cf\"><div class=\"g-cols vc_row via_grid cols_2 laptops-cols_inherit tablets-cols_inherit mobiles-cols_1 valign_top type_default stacking_default\" style=\"--columns-gap:0rem;\"><div class=\"wpb_column vc_column_container\"><div class=\"vc_column-inner\"><div class=\"g-cols wpb_row us_custom_07405e92 via_grid cols_1 laptops-cols_inherit tablets-cols_inherit mobiles-cols_1 valign_top type_default stacking_default\" style=\"--columns-gap:3rem;\"><div class=\"wpb_column vc_column_container footer adresas\"><div class=\"vc_column-inner\"><div class=\"w-separator size_custom\" style=\"height:3rem\" id=\"df9e\"><style>@media(max-width:1024px){ #df9e{height:1rem!important}}@media(max-width:600px){ #df9e{height:1rem!important}}<\/style><\/div><div class=\"w-vwrapper align_left valign_top\" style=\"--vwrapper-gap:0.2rem\"><h6 class=\"w-text us_custom_07ee3a3b has_text_color\"><span class=\"w-text-h\"><span class=\"w-text-value\">You\u2019re always welcome at<\/span><\/span><\/h6><h6 class=\"w-text us_custom_07ee3a3b has_text_color\"><span class=\"w-text-h\"><span class=\"w-text-value\">Maironio St. 13, Vilnius<\/span><\/span><\/h6><\/div><div class=\"w-separator size_custom\" style=\"height:2rem\" id=\"v333\"><style><\/style><\/div><div class=\"w-vwrapper us_custom_a61e030e align_none valign_top\" style=\"--vwrapper-gap:0.2rem\"><h6 class=\"w-text us_custom_07ee3a3b has_text_color\"><a href=\"tel:+370 684 24724\" class=\"w-text-h\"><span class=\"w-text-value\">+370 684 24724<\/span><\/a><\/h6><h6 class=\"w-text us_custom_07ee3a3b has_text_color\"><a href=\"mailto:renginiai@royalfood.lt\" class=\"w-text-h\"><span class=\"w-text-value\">renginiai@royalfood.lt<\/span><\/a><\/h6><\/div><div class=\"w-separator size_custom\" style=\"height:2rem\"><\/div><div class=\"w-btn-wrapper align_none\"><a class=\"w-btn us-btn-style_4\" target=\"_blank\" href=\"https:\/\/hazienda-steakhouse.tablein.com\/lt\"><span class=\"w-btn-label\">Book a table<\/span><\/a><\/div><div class=\"w-separator size_custom\" style=\"height:3rem\"><\/div><div class=\"wpb_text_column us_custom_0f4c5ee7 has_text_color\"><div class=\"wpb_wrapper\"><p><strong>Company details<\/strong><\/p>\n<\/div><\/div><div class=\"w-separator size_custom\" style=\"height:8px\" id=\"t702\"><style>@media(max-width:1024px){ #t702{height:2rem!important}}@media(max-width:600px){ #t702{height:2rem!important}}<\/style><\/div><div class=\"wpb_text_column us_custom_0f4c5ee7 has_text_color\"><div class=\"wpb_wrapper\"><p>Royal food ltu, UAB<br \/>\nCompany code: <span>306803090<\/span><br \/>\nVAT number: <span>LT100016939619<\/span><\/p>\n<\/div><\/div><div class=\"w-separator size_custom\" style=\"height:1.5rem\" id=\"q845\"><style>@media(max-width:1024px){ #q845{height:2rem!important}}@media(max-width:600px){ #q845{height:2rem!important}}<\/style><\/div><div class=\"wpb_text_column us_custom_0f4c5ee7 has_text_color\"><div class=\"wpb_wrapper\"><p><strong>Opening hours<\/strong><\/p>\n<\/div><\/div><div class=\"w-separator size_custom\" style=\"height:8px\" id=\"w93c\"><style>@media(max-width:1024px){ #w93c{height:2rem!important}}@media(max-width:600px){ #w93c{height:2rem!important}}<\/style><\/div><div class=\"wpb_text_column us_custom_0f4c5ee7 has_text_color\"><div class=\"wpb_wrapper\"><p>Monday \u2013 Thursday: 12:00\u201322:00<br \/>\nFriday \u2013 Saturday: 12:00\u201301:00<br \/>\nSunday: 12:00\u201321:00<\/p>\n<\/div><\/div><\/div><\/div><\/div><div class=\"w-separator size_custom\" style=\"height:0rem\" id=\"da77\"><style>@media(max-width:1024px){ #da77{height:3rem!important}}@media(max-width:600px){ #da77{height:3rem!important}}<\/style><\/div><\/div><\/div><div class=\"wpb_column vc_column_container\"><div class=\"vc_column-inner\"><div class=\"g-cols wpb_row us_custom_0b5e64d1 susisiekti-kontaktuose via_grid cols_1 laptops-cols_inherit tablets-cols_inherit mobiles-cols_1 valign_top type_default stacking_default\" style=\"--columns-gap:3rem;\"><div class=\"wpb_column vc_column_container\"><div class=\"vc_column-inner\"><div class=\"wpb_text_column us_custom_ed8570f3 has_text_color\"><div class=\"wpb_wrapper\"><h4>Contact us<\/h4>\n<p class=\"trumpas-tekstas\">Please fill out the inquiry form and we will contact you shortly<\/p>\n<div class=\"forminator-ui forminator-custom-form forminator-custom-form-267   forminator_ajax\" data-forminator-render=\"0\" data-form=\"forminator-module-267\" data-uid=\"69ee4df66bdfa\"><br\/><\/div><form\n\t\t\t\tid=\"forminator-module-267\"\n\t\t\t\tclass=\"forminator-ui forminator-custom-form forminator-custom-form-267   forminator_ajax\"\n\t\t\t\tmethod=\"post\"\n\t\t\t\tdata-forminator-render=\"0\"\n\t\t\t\tdata-form-id=\"267\"\n\t\t\t\t data-color-option=\"theme\" data-design=\"none\" data-grid=\"open\" style=\"display: none;\"\n\t\t\t\tdata-uid=\"69ee4df66bdfa\"\n\t\t\t><div role=\"alert\" aria-live=\"polite\" class=\"forminator-response-message forminator-error\" aria-hidden=\"true\"><\/div><div class=\"forminator-row\"><div id=\"name-1\" class=\"forminator-field-name forminator-col forminator-col-6 \"><div class=\"forminator-field\"><input type=\"text\" name=\"name-1\" value=\"\" placeholder=\"Your name\" id=\"forminator-field-name-1_69ee4df66bdfa\" class=\"forminator-input forminator-name--field\" aria-required=\"false\" autocomplete=\"name\" \/><\/div><\/div><div id=\"text-5\" class=\"forminator-field-text forminator-col forminator-col-6 \"><div class=\"forminator-field\"><input type=\"text\" name=\"text-5\" value=\"\" placeholder=\"Company name\" id=\"forminator-field-text-5_69ee4df66bdfa\" class=\"forminator-input forminator-name--field\" data-required=\"\" \/><\/div><\/div><\/div><div class=\"forminator-row\"><div id=\"email-1\" class=\"forminator-field-email forminator-col forminator-col-6 \"><div class=\"forminator-field\"><input type=\"email\" name=\"email-1\" value=\"\" placeholder=\"Email address\" id=\"forminator-field-email-1_69ee4df66bdfa\" class=\"forminator-input forminator-email--field\" data-required=\"true\" aria-required=\"true\" autocomplete=\"email\" \/><\/div><\/div><div id=\"phone-1\" class=\"forminator-field-phone forminator-col forminator-col-6 \"><div class=\"forminator-field\"><input type=\"text\" name=\"phone-1\" value=\"\" placeholder=\"Phone number\" id=\"forminator-field-phone-1_69ee4df66bdfa\" class=\"forminator-input forminator-field--phone\" data-required=\"1\" aria-required=\"true\" autocomplete=\"off\" \/><\/div><\/div><\/div><div class=\"forminator-row\"><div id=\"text-3\" class=\"forminator-field-text forminator-col forminator-col-12 \"><div class=\"forminator-field\"><input type=\"text\" name=\"text-3\" value=\"\" placeholder=\"Message\" id=\"forminator-field-text-3_69ee4df66bdfa\" class=\"forminator-input forminator-name--field\" data-required=\"\" \/><\/div><\/div><\/div><input type=\"hidden\" name=\"referer_url\" value=\"\" \/><div class=\"forminator-row forminator-row-last\"><div class=\"forminator-col\"><div class=\"forminator-field\"><button class=\"forminator-button forminator-button-submit us-btn-style_6\">Send<\/button><\/div><\/div><\/div><input type=\"hidden\" id=\"forminator_nonce\" name=\"forminator_nonce\" value=\"7028550593\" \/><input type=\"hidden\" name=\"_wp_http_referer\" value=\"\/en\/wp-json\/wp\/v2\/pages\/400\" \/><input type=\"hidden\" name=\"form_id\" value=\"267\"><input type=\"hidden\" name=\"page_id\" value=\"400\"><input type=\"hidden\" name=\"form_type\" value=\"default\"><input type=\"hidden\" name=\"current_url\" value=\"https:\/\/steakhouse.keyboart.lt\/en\/contacts\/\"><input type=\"hidden\" name=\"render_id\" value=\"0\"><input type=\"hidden\" name=\"action\" value=\"forminator_submit_form_custom-forms\"><\/form>\n<\/div><\/div><\/div><\/div><\/div><\/div><\/div><\/div><\/div><\/section>\n","protected":false},"excerpt":{"rendered":"ContactsKiekvienas m\u016bs\u0173 patiekalas \u2013 tai daugiau nei maistas, tai istorija, kuri gimsta i\u0161 kokyb\u0117s, aistros ir d\u0117mesio detal\u0117ms You\u2019re always welcome atMaironio St. 13, Vilnius+370 684 24724renginiai@royalfood.ltBook a tableCompany details Royal food ltu, UAB Company code: 306803090 VAT number: LT100016939619 Opening hours Monday \u2013 Thursday: 12:00\u201322:00 Friday \u2013 Saturday: 12:00\u201301:00 Sunday: 12:00\u201321:00 Contact us Please...","protected":false},"author":1,"featured_media":0,"parent":0,"menu_order":0,"comment_status":"closed","ping_status":"closed","template":"","meta":{"_acf_changed":false,"footnotes":""},"class_list":["post-400","page","type-page","status-publish","hentry"],"acf":[],"yoast_head":"<!-- This site is optimized with the Yoast SEO plugin v27.4 - https:\/\/yoast.com\/product\/yoast-seo-wordpress\/ -->\n<title>Contacts - Hazienda Steakhouse<\/title>\n<meta name=\"robots\" content=\"noindex, follow, max-snippet:-1, max-image-preview:large, max-video-preview:-1\" \/>\n<meta property=\"og:locale\" content=\"en_US\" \/>\n<meta property=\"og:type\" content=\"article\" \/>\n<meta property=\"og:title\" content=\"Contacts - Hazienda Steakhouse\" \/>\n<meta property=\"og:url\" content=\"https:\/\/steakhouse.keyboart.lt\/en\/contacts\/\" \/>\n<meta property=\"og:site_name\" content=\"Hazienda Steakhouse\" \/>\n<meta property=\"article:modified_time\" content=\"2026-02-25T17:34:13+00:00\" \/>\n<meta name=\"twitter:card\" content=\"summary_large_image\" \/>\n<meta name=\"twitter:label1\" content=\"Est. reading time\" \/>\n\t<meta name=\"twitter:data1\" content=\"1 minute\" \/>\n<script type=\"application\/ld+json\" class=\"yoast-schema-graph\">{\"@context\":\"https:\\\/\\\/schema.org\",\"@graph\":[{\"@type\":\"WebPage\",\"@id\":\"https:\\\/\\\/steakhouse.keyboart.lt\\\/en\\\/contacts\\\/\",\"url\":\"https:\\\/\\\/steakhouse.keyboart.lt\\\/en\\\/contacts\\\/\",\"name\":\"Contacts - Hazienda Steakhouse\",\"isPartOf\":{\"@id\":\"https:\\\/\\\/steakhouse.keyboart.lt\\\/en\\\/#website\"},\"datePublished\":\"2026-02-25T10:45:08+00:00\",\"dateModified\":\"2026-02-25T17:34:13+00:00\",\"breadcrumb\":{\"@id\":\"https:\\\/\\\/steakhouse.keyboart.lt\\\/en\\\/contacts\\\/#breadcrumb\"},\"inLanguage\":\"en-US\",\"potentialAction\":[{\"@type\":\"ReadAction\",\"target\":[\"https:\\\/\\\/steakhouse.keyboart.lt\\\/en\\\/contacts\\\/\"]}]},{\"@type\":\"BreadcrumbList\",\"@id\":\"https:\\\/\\\/steakhouse.keyboart.lt\\\/en\\\/contacts\\\/#breadcrumb\",\"itemListElement\":[{\"@type\":\"ListItem\",\"position\":1,\"name\":\"Home\",\"item\":\"https:\\\/\\\/steakhouse.keyboart.lt\\\/en\\\/\"},{\"@type\":\"ListItem\",\"position\":2,\"name\":\"Contacts\"}]},{\"@type\":\"WebSite\",\"@id\":\"https:\\\/\\\/steakhouse.keyboart.lt\\\/en\\\/#website\",\"url\":\"https:\\\/\\\/steakhouse.keyboart.lt\\\/en\\\/\",\"name\":\"Hazienda Steakhouse\",\"description\":\"Holistin\u0117s virtuv\u0117s kepsni\u0173 namai XVI a. vienuolyne\",\"potentialAction\":[{\"@type\":\"SearchAction\",\"target\":{\"@type\":\"EntryPoint\",\"urlTemplate\":\"https:\\\/\\\/steakhouse.keyboart.lt\\\/en\\\/?s={search_term_string}\"},\"query-input\":{\"@type\":\"PropertyValueSpecification\",\"valueRequired\":true,\"valueName\":\"search_term_string\"}}],\"inLanguage\":\"en-US\"}]}<\/script>\n<!-- \/ Yoast SEO plugin. -->","yoast_head_json":{"title":"Contacts - Hazienda Steakhouse","robots":{"index":"noindex","follow":"follow","max-snippet":"max-snippet:-1","max-image-preview":"max-image-preview:large","max-video-preview":"max-video-preview:-1"},"og_locale":"en_US","og_type":"article","og_title":"Contacts - Hazienda Steakhouse","og_url":"https:\/\/steakhouse.keyboart.lt\/en\/contacts\/","og_site_name":"Hazienda Steakhouse","article_modified_time":"2026-02-25T17:34:13+00:00","twitter_card":"summary_large_image","twitter_misc":{"Est. reading time":"1 minute"},"schema":{"@context":"https:\/\/schema.org","@graph":[{"@type":"WebPage","@id":"https:\/\/steakhouse.keyboart.lt\/en\/contacts\/","url":"https:\/\/steakhouse.keyboart.lt\/en\/contacts\/","name":"Contacts - Hazienda Steakhouse","isPartOf":{"@id":"https:\/\/steakhouse.keyboart.lt\/en\/#website"},"datePublished":"2026-02-25T10:45:08+00:00","dateModified":"2026-02-25T17:34:13+00:00","breadcrumb":{"@id":"https:\/\/steakhouse.keyboart.lt\/en\/contacts\/#breadcrumb"},"inLanguage":"en-US","potentialAction":[{"@type":"ReadAction","target":["https:\/\/steakhouse.keyboart.lt\/en\/contacts\/"]}]},{"@type":"BreadcrumbList","@id":"https:\/\/steakhouse.keyboart.lt\/en\/contacts\/#breadcrumb","itemListElement":[{"@type":"ListItem","position":1,"name":"Home","item":"https:\/\/steakhouse.keyboart.lt\/en\/"},{"@type":"ListItem","position":2,"name":"Contacts"}]},{"@type":"WebSite","@id":"https:\/\/steakhouse.keyboart.lt\/en\/#website","url":"https:\/\/steakhouse.keyboart.lt\/en\/","name":"Hazienda Steakhouse","description":"Holistin\u0117s virtuv\u0117s kepsni\u0173 namai XVI a. vienuolyne","potentialAction":[{"@type":"SearchAction","target":{"@type":"EntryPoint","urlTemplate":"https:\/\/steakhouse.keyboart.lt\/en\/?s={search_term_string}"},"query-input":{"@type":"PropertyValueSpecification","valueRequired":true,"valueName":"search_term_string"}}],"inLanguage":"en-US"}]}},"_links":{"self":[{"href":"https:\/\/steakhouse.keyboart.lt\/en\/wp-json\/wp\/v2\/pages\/400","targetHints":{"allow":["GET"]}}],"collection":[{"href":"https:\/\/steakhouse.keyboart.lt\/en\/wp-json\/wp\/v2\/pages"}],"about":[{"href":"https:\/\/steakhouse.keyboart.lt\/en\/wp-json\/wp\/v2\/types\/page"}],"author":[{"embeddable":true,"href":"https:\/\/steakhouse.keyboart.lt\/en\/wp-json\/wp\/v2\/users\/1"}],"replies":[{"embeddable":true,"href":"https:\/\/steakhouse.keyboart.lt\/en\/wp-json\/wp\/v2\/comments?post=400"}],"version-history":[{"count":3,"href":"https:\/\/steakhouse.keyboart.lt\/en\/wp-json\/wp\/v2\/pages\/400\/revisions"}],"predecessor-version":[{"id":403,"href":"https:\/\/steakhouse.keyboart.lt\/en\/wp-json\/wp\/v2\/pages\/400\/revisions\/403"}],"wp:attachment":[{"href":"https:\/\/steakhouse.keyboart.lt\/en\/wp-json\/wp\/v2\/media?parent=400"}],"curies":[{"name":"wp","href":"https:\/\/api.w.org\/{rel}","templated":true}]}}