{"id":432,"date":"2026-02-25T13:47:55","date_gmt":"2026-02-25T10:47:55","guid":{"rendered":"https:\/\/steakhouse.keyboart.lt\/services\/kiemelio-ir-sales-nuoma\/"},"modified":"2026-02-25T21:56:43","modified_gmt":"2026-02-25T18:56:43","slug":"private-courtyard-hall","status":"publish","type":"page","link":"https:\/\/steakhouse.keyboart.lt\/en\/services\/private-courtyard-hall\/","title":{"rendered":"Private Courtyard &#038; Hall"},"content":{"rendered":"<section class=\"l-section wpb_row us_custom_64527448 intro height_large\"><div class=\"l-section-h i-cf\"><div class=\"g-cols vc_row via_grid cols_1-2 laptops-cols_inherit tablets-cols_inherit mobiles-cols_1 valign_middle type_default stacking_default\" style=\"--columns-gap:6rem;\"><div class=\"wpb_column vc_column_container\"><div class=\"vc_column-inner\"><div class=\"w-separator size_custom\" style=\"height:4rem\" id=\"aa28\"><style>@media(max-width:1024px){ #aa28{height:1rem!important}}@media(max-width:600px){ #aa28{height:1rem!important}}<\/style><\/div><div class=\"w-image us_custom_dc004b37 has_height align_none\"><div class=\"w-image-h\"><img decoding=\"async\" class=\"g-placeholder\" src=\"https:\/\/steakhouse.keyboart.lt\/wp-content\/plugins\/us-core\/assets\/images\/placeholder.svg\" width=\"\" height=\"\" alt><\/div><\/div><div class=\"w-separator size_custom\" style=\"height:2rem\"><\/div><div class=\"wpb_text_column us_custom_43553b22 has_text_color\"><div class=\"wpb_wrapper\"><h3>Courtyard &amp; Hall Rental in Vilnius Old Town<\/h3>\n<\/div><\/div><div class=\"w-separator size_custom\" style=\"height:1.5rem\"><\/div><div class=\"wpb_text_column us_custom_0ddbb477 trumpas-aprasymas sviesus fonas has_text_color\"><div class=\"wpb_wrapper\"><p>Our private courtyard and historic hall accommodate up to 70 guests, offering a versatile setting for both corporate functions and family celebrations.<\/p>\n<p>We provide full technical support, including tables, chairs, linens, lighting, sound equipment, and \u2014 upon request \u2014 event d\u00e9cor. During the summer season, the courtyard becomes an exceptional setting for receptions, cocktail gatherings, or open-air wedding ceremonies.<\/p>\n<\/div><\/div><div class=\"w-separator size_custom\" style=\"height:1.5rem\"><\/div><div class=\"w-popup w-btn-wrapper align_none\"><button type=\"button\" aria-label=\"Contact us\" class=\"w-popup-trigger type_btn w-btn us-btn-style_9\"><span class=\"w-btn-label\">Contact us<\/span><\/button><div class=\"w-popup-overlay\" style=\"background:rgba(0,0,0,0.6);\"><\/div><div class=\"w-popup-wrap layout_default\" role=\"dialog\" aria-modal=\"true\" aria-label=\"Contact us\" style=\"--title-color:var(--color-header-spalva);--title-bg-color:var(--color-sviesi-v6);--content-color:var(--color-header-spalva);--content-bg-color:var(--color-sviesi-v6);--closer-color:var(--color-sviesi-v6);--popup-width:700px;--popup-padding:7% 7% 5% 7%;\"><button aria-label=\"Close\" class=\"w-popup-closer\" type=\"button\"><\/button><div class=\"w-popup-box animation_slideBottom closerpos_outside without_title\"><div class=\"w-popup-box-h\"><div class=\"w-popup-box-content\"><h4>Contact Us<\/h4>\n<p class=\"trumpas-tekstas\">Fill out the inquiry form or contact us by phone at <a href=\"tel:+370 684 24724\">+370 684 24724<\/a><\/p>\n<div class=\"forminator-ui forminator-custom-form forminator-custom-form-266   forminator_ajax\" data-forminator-render=\"0\" data-form=\"forminator-module-266\" data-uid=\"69ee4e333e5e5\"><br\/><\/div><form\n\t\t\t\tid=\"forminator-module-266\"\n\t\t\t\tclass=\"forminator-ui forminator-custom-form forminator-custom-form-266   forminator_ajax\"\n\t\t\t\tmethod=\"post\"\n\t\t\t\tdata-forminator-render=\"0\"\n\t\t\t\tdata-form-id=\"266\"\n\t\t\t\t data-color-option=\"theme\" data-design=\"none\" data-grid=\"open\" style=\"display: none;\"\n\t\t\t\tdata-uid=\"69ee4e333e5e5\"\n\t\t\t><div role=\"alert\" aria-live=\"polite\" class=\"forminator-response-message forminator-error\" aria-hidden=\"true\"><\/div><div class=\"forminator-row\"><div id=\"name-1\" class=\"forminator-field-name forminator-col forminator-col-6 \"><div class=\"forminator-field\"><input type=\"text\" name=\"name-1\" value=\"\" placeholder=\"Your name\" id=\"forminator-field-name-1_69ee4e333e5e5\" class=\"forminator-input forminator-name--field\" aria-required=\"false\" autocomplete=\"name\" \/><\/div><\/div><div id=\"text-5\" class=\"forminator-field-text forminator-col forminator-col-6 \"><div class=\"forminator-field\"><input type=\"text\" name=\"text-5\" value=\"\" placeholder=\"Company name\" id=\"forminator-field-text-5_69ee4e333e5e5\" class=\"forminator-input forminator-name--field\" data-required=\"\" \/><\/div><\/div><\/div><div class=\"forminator-row\"><div id=\"text-4\" class=\"forminator-field-text forminator-col forminator-col-6 \"><div class=\"forminator-field\"><input type=\"text\" name=\"text-4\" value=\"\" placeholder=\"Event date\" id=\"forminator-field-text-4_69ee4e333e5e5\" class=\"forminator-input forminator-name--field\" data-required=\"\" \/><\/div><\/div><div id=\"text-6\" class=\"forminator-field-text forminator-col forminator-col-6 \"><div class=\"forminator-field\"><input type=\"text\" name=\"text-6\" value=\"\" placeholder=\"Number of people\" id=\"forminator-field-text-6_69ee4e333e5e5\" class=\"forminator-input forminator-name--field\" data-required=\"\" \/><\/div><\/div><\/div><div class=\"forminator-row\"><div id=\"email-1\" class=\"forminator-field-email forminator-col forminator-col-6 \"><div class=\"forminator-field\"><input type=\"email\" name=\"email-1\" value=\"\" placeholder=\"Email address\" id=\"forminator-field-email-1_69ee4e333e5e5\" class=\"forminator-input forminator-email--field\" data-required=\"true\" aria-required=\"true\" autocomplete=\"email\" \/><\/div><\/div><div id=\"phone-1\" class=\"forminator-field-phone forminator-col forminator-col-6 \"><div class=\"forminator-field\"><input type=\"text\" name=\"phone-1\" value=\"\" placeholder=\"Phone number\" id=\"forminator-field-phone-1_69ee4e333e5e5\" class=\"forminator-input forminator-field--phone\" data-required=\"1\" aria-required=\"true\" autocomplete=\"off\" \/><\/div><\/div><\/div><div class=\"forminator-row\"><div id=\"text-3\" class=\"forminator-field-text forminator-col forminator-col-12 \"><div class=\"forminator-field\"><input type=\"text\" name=\"text-3\" value=\"\" placeholder=\"Message\" id=\"forminator-field-text-3_69ee4e333e5e5\" class=\"forminator-input forminator-name--field\" data-required=\"\" \/><\/div><\/div><\/div><input type=\"hidden\" name=\"referer_url\" value=\"\" \/><div class=\"forminator-row forminator-row-last\"><div class=\"forminator-col\"><div class=\"forminator-field\"><button class=\"forminator-button forminator-button-submit us-btn-style_6\">Send<\/button><\/div><\/div><\/div><input type=\"hidden\" id=\"forminator_nonce\" name=\"forminator_nonce\" value=\"21304f14fa\" \/><input type=\"hidden\" name=\"_wp_http_referer\" value=\"\/en\/wp-json\/wp\/v2\/pages\/432\" \/><input type=\"hidden\" name=\"form_id\" value=\"266\"><input type=\"hidden\" name=\"page_id\" value=\"432\"><input type=\"hidden\" name=\"form_type\" value=\"default\"><input type=\"hidden\" name=\"current_url\" value=\"https:\/\/steakhouse.keyboart.lt\/en\/services\/private-courtyard-hall\/\"><input type=\"hidden\" name=\"render_id\" value=\"0\"><input type=\"hidden\" name=\"action\" value=\"forminator_submit_form_custom-forms\"><\/form><\/p>\n<\/div><\/div><\/div><\/div><\/div>\n<\/div><\/div><div class=\"wpb_column vc_column_container stretched\"><div class=\"vc_column-inner\"><div class=\"g-cols wpb_row via_grid cols_2 laptops-cols_inherit tablets-cols_inherit mobiles-cols_1 valign_top type_default stacking_default\" style=\"--columns-gap:3rem;\"><div class=\"wpb_column vc_column_container intro-koliazas left\"><div class=\"vc_column-inner\"><div class=\"w-separator size_custom\" style=\"height:6rem\" id=\"t477\"><style>@media(max-width:1024px){ #t477{height:0rem!important}}@media(max-width:600px){ #t477{height:0rem!important}}<\/style><\/div><div class=\"w-html us_custom_bc4e6d41\"><\/div><\/div><\/div><div class=\"wpb_column vc_column_container intro-koliazas right hide_on_tablets hide_on_mobiles\"><div class=\"vc_column-inner\"><div class=\"w-html us_custom_6742fdb5\"><\/div><\/div><\/div><\/div><\/div><\/div><\/div><\/div><\/section>\n","protected":false},"excerpt":{"rendered":"Courtyard &amp; Hall Rental in Vilnius Old Town Our private courtyard and historic hall accommodate up to 70 guests, offering a versatile setting for both corporate functions and family celebrations. We provide full technical support, including tables, chairs, linens, lighting, sound equipment, and \u2014 upon request \u2014 event d\u00e9cor. During the summer season, the courtyard...","protected":false},"author":1,"featured_media":0,"parent":315,"menu_order":5,"comment_status":"closed","ping_status":"closed","template":"","meta":{"_acf_changed":false,"footnotes":""},"class_list":["post-432","page","type-page","status-publish","hentry"],"acf":[],"yoast_head":"<!-- This site is optimized with the Yoast SEO plugin v27.4 - https:\/\/yoast.com\/product\/yoast-seo-wordpress\/ -->\n<title>Private Courtyard &amp; Hall - Hazienda Steakhouse<\/title>\n<meta name=\"robots\" content=\"noindex, follow, max-snippet:-1, max-image-preview:large, max-video-preview:-1\" \/>\n<meta property=\"og:locale\" content=\"en_US\" \/>\n<meta property=\"og:type\" content=\"article\" \/>\n<meta property=\"og:title\" content=\"Private Courtyard &amp; Hall - Hazienda Steakhouse\" \/>\n<meta property=\"og:url\" content=\"https:\/\/steakhouse.keyboart.lt\/en\/services\/private-courtyard-hall\/\" \/>\n<meta property=\"og:site_name\" content=\"Hazienda Steakhouse\" \/>\n<meta property=\"article:modified_time\" content=\"2026-02-25T18:56:43+00:00\" \/>\n<meta name=\"twitter:card\" content=\"summary_large_image\" \/>\n<meta name=\"twitter:label1\" content=\"Est. reading time\" \/>\n\t<meta name=\"twitter:data1\" content=\"1 minute\" \/>\n<script type=\"application\/ld+json\" class=\"yoast-schema-graph\">{\"@context\":\"https:\\\/\\\/schema.org\",\"@graph\":[{\"@type\":\"WebPage\",\"@id\":\"https:\\\/\\\/steakhouse.keyboart.lt\\\/en\\\/services\\\/private-courtyard-hall\\\/\",\"url\":\"https:\\\/\\\/steakhouse.keyboart.lt\\\/en\\\/services\\\/private-courtyard-hall\\\/\",\"name\":\"Private Courtyard & Hall - Hazienda Steakhouse\",\"isPartOf\":{\"@id\":\"https:\\\/\\\/steakhouse.keyboart.lt\\\/en\\\/#website\"},\"datePublished\":\"2026-02-25T10:47:55+00:00\",\"dateModified\":\"2026-02-25T18:56:43+00:00\",\"breadcrumb\":{\"@id\":\"https:\\\/\\\/steakhouse.keyboart.lt\\\/en\\\/services\\\/private-courtyard-hall\\\/#breadcrumb\"},\"inLanguage\":\"en-US\",\"potentialAction\":[{\"@type\":\"ReadAction\",\"target\":[\"https:\\\/\\\/steakhouse.keyboart.lt\\\/en\\\/services\\\/private-courtyard-hall\\\/\"]}]},{\"@type\":\"BreadcrumbList\",\"@id\":\"https:\\\/\\\/steakhouse.keyboart.lt\\\/en\\\/services\\\/private-courtyard-hall\\\/#breadcrumb\",\"itemListElement\":[{\"@type\":\"ListItem\",\"position\":1,\"name\":\"Home\",\"item\":\"https:\\\/\\\/steakhouse.keyboart.lt\\\/en\\\/\"},{\"@type\":\"ListItem\",\"position\":2,\"name\":\"Services\",\"item\":\"https:\\\/\\\/steakhouse.keyboart.lt\\\/en\\\/services\\\/\"},{\"@type\":\"ListItem\",\"position\":3,\"name\":\"Private Courtyard &#038; Hall\"}]},{\"@type\":\"WebSite\",\"@id\":\"https:\\\/\\\/steakhouse.keyboart.lt\\\/en\\\/#website\",\"url\":\"https:\\\/\\\/steakhouse.keyboart.lt\\\/en\\\/\",\"name\":\"Hazienda Steakhouse\",\"description\":\"Holistin\u0117s virtuv\u0117s kepsni\u0173 namai XVI a. vienuolyne\",\"potentialAction\":[{\"@type\":\"SearchAction\",\"target\":{\"@type\":\"EntryPoint\",\"urlTemplate\":\"https:\\\/\\\/steakhouse.keyboart.lt\\\/en\\\/?s={search_term_string}\"},\"query-input\":{\"@type\":\"PropertyValueSpecification\",\"valueRequired\":true,\"valueName\":\"search_term_string\"}}],\"inLanguage\":\"en-US\"}]}<\/script>\n<!-- \/ Yoast SEO plugin. -->","yoast_head_json":{"title":"Private Courtyard & Hall - Hazienda Steakhouse","robots":{"index":"noindex","follow":"follow","max-snippet":"max-snippet:-1","max-image-preview":"max-image-preview:large","max-video-preview":"max-video-preview:-1"},"og_locale":"en_US","og_type":"article","og_title":"Private Courtyard & Hall - Hazienda Steakhouse","og_url":"https:\/\/steakhouse.keyboart.lt\/en\/services\/private-courtyard-hall\/","og_site_name":"Hazienda Steakhouse","article_modified_time":"2026-02-25T18:56:43+00:00","twitter_card":"summary_large_image","twitter_misc":{"Est. reading time":"1 minute"},"schema":{"@context":"https:\/\/schema.org","@graph":[{"@type":"WebPage","@id":"https:\/\/steakhouse.keyboart.lt\/en\/services\/private-courtyard-hall\/","url":"https:\/\/steakhouse.keyboart.lt\/en\/services\/private-courtyard-hall\/","name":"Private Courtyard & Hall - Hazienda Steakhouse","isPartOf":{"@id":"https:\/\/steakhouse.keyboart.lt\/en\/#website"},"datePublished":"2026-02-25T10:47:55+00:00","dateModified":"2026-02-25T18:56:43+00:00","breadcrumb":{"@id":"https:\/\/steakhouse.keyboart.lt\/en\/services\/private-courtyard-hall\/#breadcrumb"},"inLanguage":"en-US","potentialAction":[{"@type":"ReadAction","target":["https:\/\/steakhouse.keyboart.lt\/en\/services\/private-courtyard-hall\/"]}]},{"@type":"BreadcrumbList","@id":"https:\/\/steakhouse.keyboart.lt\/en\/services\/private-courtyard-hall\/#breadcrumb","itemListElement":[{"@type":"ListItem","position":1,"name":"Home","item":"https:\/\/steakhouse.keyboart.lt\/en\/"},{"@type":"ListItem","position":2,"name":"Services","item":"https:\/\/steakhouse.keyboart.lt\/en\/services\/"},{"@type":"ListItem","position":3,"name":"Private Courtyard &#038; Hall"}]},{"@type":"WebSite","@id":"https:\/\/steakhouse.keyboart.lt\/en\/#website","url":"https:\/\/steakhouse.keyboart.lt\/en\/","name":"Hazienda Steakhouse","description":"Holistin\u0117s virtuv\u0117s kepsni\u0173 namai XVI a. vienuolyne","potentialAction":[{"@type":"SearchAction","target":{"@type":"EntryPoint","urlTemplate":"https:\/\/steakhouse.keyboart.lt\/en\/?s={search_term_string}"},"query-input":{"@type":"PropertyValueSpecification","valueRequired":true,"valueName":"search_term_string"}}],"inLanguage":"en-US"}]}},"_links":{"self":[{"href":"https:\/\/steakhouse.keyboart.lt\/en\/wp-json\/wp\/v2\/pages\/432","targetHints":{"allow":["GET"]}}],"collection":[{"href":"https:\/\/steakhouse.keyboart.lt\/en\/wp-json\/wp\/v2\/pages"}],"about":[{"href":"https:\/\/steakhouse.keyboart.lt\/en\/wp-json\/wp\/v2\/types\/page"}],"author":[{"embeddable":true,"href":"https:\/\/steakhouse.keyboart.lt\/en\/wp-json\/wp\/v2\/users\/1"}],"replies":[{"embeddable":true,"href":"https:\/\/steakhouse.keyboart.lt\/en\/wp-json\/wp\/v2\/comments?post=432"}],"version-history":[{"count":5,"href":"https:\/\/steakhouse.keyboart.lt\/en\/wp-json\/wp\/v2\/pages\/432\/revisions"}],"predecessor-version":[{"id":474,"href":"https:\/\/steakhouse.keyboart.lt\/en\/wp-json\/wp\/v2\/pages\/432\/revisions\/474"}],"up":[{"embeddable":true,"href":"https:\/\/steakhouse.keyboart.lt\/en\/wp-json\/wp\/v2\/pages\/315"}],"wp:attachment":[{"href":"https:\/\/steakhouse.keyboart.lt\/en\/wp-json\/wp\/v2\/media?parent=432"}],"curies":[{"name":"wp","href":"https:\/\/api.w.org\/{rel}","templated":true}]}}