{"id":442,"date":"2026-02-25T12:58:45","date_gmt":"2026-02-25T09:58:45","guid":{"rendered":"https:\/\/steakhouse.keyboart.lt\/privatumo-politika\/"},"modified":"2026-03-05T11:27:48","modified_gmt":"2026-03-05T08:27:48","slug":"privacy-policy","status":"publish","type":"page","link":"https:\/\/steakhouse.keyboart.lt\/en\/privacy-policy\/","title":{"rendered":"Privacy policy"},"content":{"rendered":"<section class=\"l-section wpb_row us_custom_26c58f5c vidinis sviesus has_text_color height_large\"><div class=\"l-section-h i-cf\"><div class=\"g-cols vc_row via_grid cols_1 laptops-cols_inherit tablets-cols_inherit mobiles-cols_1 valign_top type_default stacking_default\"><div class=\"wpb_column vc_column_container\"><div class=\"vc_column-inner\"><div class=\"wpb_text_column\"><div class=\"wpb_wrapper\"><h2>Privacy Policy<\/h2>\n<h5>1. Data Controller<\/h5>\n<p>The controller of personal data is:<br \/>\nRoyal food ltu, UAB<br \/>\nCompany code: 306803090<br \/>\nVAT code: LT100016939619<br \/>\nAddress: \u017dirm\u016bn\u0173 g. 79-22, LT-09112 Vilnius, Lithuania<\/p>\n<p>If you have any questions regarding this Privacy Policy or the processing of your personal data, you may contact us at:<br \/>\nrenginiai@royalfood.lt<br \/>\nPhone: +370 684 24724<\/p>\n<h5>2. What Data We Collect<\/h5>\n<p>We may collect the following personal data:<\/p>\n<p>\u2013 First and last name (for reservations and event bookings)<br \/>\n\u2013 Email address (for reservation confirmations and communication)<br \/>\n\u2013 Phone number (for booking coordination)<br \/>\n\u2013 Company name (if you are a business client)<br \/>\n\u2013 Event or reservation details (date, time, number of guests, etc.)<br \/>\n\u2013 IP address and browsing data (using Google Analytics)<\/p>\n<h5>3. Purpose of Data Processing<\/h5>\n<p>We use the collected data for:<\/p>\n<p>\u2013 Managing reservations and event bookings<br \/>\n\u2013 Customer service and communication<br \/>\n\u2013 Sending newsletters (only with your explicit consent)<br \/>\n\u2013 Informing business clients about tailored offers<br \/>\n\u2013 Website traffic analysis (via Google Analytics)<\/p>\n<h5>4. Cookies<\/h5>\n<p>Cookies are used on our website to ensure proper functionality and improve user experience. Third-party cookies, including Google Analytics, may also be used.<\/p>\n<p>By using our website, you agree to the use of cookies.<\/p>\n<h5>5. Data Transfer<\/h5>\n<p>Your personal data is not transferred to third parties, except when necessary for service provision:<\/p>\n<p>\u2013 To payment processing service providers when required for payment transactions.<\/p>\n<p>Payments on the website are processed via the makecommerce.lt platform, operated by Maksekeskus AS (Liivalaia 45, Tallinn 10145, Estonia, registry no.: 12268475).<\/p>\n<p>Therefore, the personal data required for payment execution and confirmation will be transferred to Maksekeskus AS.<\/p>\n<h5>6. Data Retention<\/h5>\n<p>Personal data is stored only for as long as necessary to achieve the specified purposes or as required by applicable Lithuanian and European Union laws.<\/p>\n<h5>7. Your Rights<\/h5>\n<p>Under the General Data Protection Regulation (GDPR), you have the right to:<\/p>\n<p>\u2013 Access information about your personal data processing<br \/>\n\u2013 Request correction of inaccurate or incomplete data<br \/>\n\u2013 Request deletion of your data (\u201cright to be forgotten\u201d)<br \/>\n\u2013 Restrict data processing<br \/>\n\u2013 Object to data processing for direct marketing purposes<br \/>\n\u2013 File a complaint with the State Data Protection Inspectorate<\/p>\n<h5>8. Changes to the Privacy Policy<\/h5>\n<p>If legal regulations or our business operations change, this Privacy Policy may be updated. The latest version will always be published on our website.<\/p>\n<\/div><\/div><\/div><\/div><\/div><\/div><\/section>\n","protected":false},"excerpt":{"rendered":"Privacy Policy 1. Data Controller The controller of personal data is: Royal food ltu, UAB Company code: 306803090 VAT code: LT100016939619 Address: \u017dirm\u016bn\u0173 g. 79-22, LT-09112 Vilnius, Lithuania If you have any questions regarding this Privacy Policy or the processing of your personal data, you may contact us at: renginiai@royalfood.lt Phone: +370 684 24724 2....","protected":false},"author":1,"featured_media":0,"parent":0,"menu_order":0,"comment_status":"closed","ping_status":"closed","template":"","meta":{"_acf_changed":false,"footnotes":""},"class_list":["post-442","page","type-page","status-publish","hentry"],"acf":[],"yoast_head":"<!-- This site is optimized with the Yoast SEO plugin v27.4 - https:\/\/yoast.com\/product\/yoast-seo-wordpress\/ -->\n<title>Privacy policy - Hazienda Steakhouse<\/title>\n<meta name=\"robots\" content=\"noindex, follow, max-snippet:-1, max-image-preview:large, max-video-preview:-1\" \/>\n<meta property=\"og:locale\" content=\"en_US\" \/>\n<meta property=\"og:type\" content=\"article\" \/>\n<meta property=\"og:title\" content=\"Privacy policy - Hazienda Steakhouse\" \/>\n<meta property=\"og:url\" content=\"https:\/\/steakhouse.keyboart.lt\/en\/privacy-policy\/\" \/>\n<meta property=\"og:site_name\" content=\"Hazienda Steakhouse\" \/>\n<meta property=\"article:modified_time\" content=\"2026-03-05T08:27:48+00:00\" \/>\n<meta name=\"twitter:card\" content=\"summary_large_image\" \/>\n<meta name=\"twitter:label1\" content=\"Est. reading time\" \/>\n\t<meta name=\"twitter:data1\" content=\"3 minutes\" \/>\n<script type=\"application\/ld+json\" class=\"yoast-schema-graph\">{\"@context\":\"https:\\\/\\\/schema.org\",\"@graph\":[{\"@type\":\"WebPage\",\"@id\":\"https:\\\/\\\/steakhouse.keyboart.lt\\\/en\\\/privacy-policy\\\/\",\"url\":\"https:\\\/\\\/steakhouse.keyboart.lt\\\/en\\\/privacy-policy\\\/\",\"name\":\"Privacy policy - Hazienda Steakhouse\",\"isPartOf\":{\"@id\":\"https:\\\/\\\/steakhouse.keyboart.lt\\\/en\\\/#website\"},\"datePublished\":\"2026-02-25T09:58:45+00:00\",\"dateModified\":\"2026-03-05T08:27:48+00:00\",\"breadcrumb\":{\"@id\":\"https:\\\/\\\/steakhouse.keyboart.lt\\\/en\\\/privacy-policy\\\/#breadcrumb\"},\"inLanguage\":\"en-US\",\"potentialAction\":[{\"@type\":\"ReadAction\",\"target\":[\"https:\\\/\\\/steakhouse.keyboart.lt\\\/en\\\/privacy-policy\\\/\"]}]},{\"@type\":\"BreadcrumbList\",\"@id\":\"https:\\\/\\\/steakhouse.keyboart.lt\\\/en\\\/privacy-policy\\\/#breadcrumb\",\"itemListElement\":[{\"@type\":\"ListItem\",\"position\":1,\"name\":\"Home\",\"item\":\"https:\\\/\\\/steakhouse.keyboart.lt\\\/en\\\/\"},{\"@type\":\"ListItem\",\"position\":2,\"name\":\"Privacy policy\"}]},{\"@type\":\"WebSite\",\"@id\":\"https:\\\/\\\/steakhouse.keyboart.lt\\\/en\\\/#website\",\"url\":\"https:\\\/\\\/steakhouse.keyboart.lt\\\/en\\\/\",\"name\":\"Hazienda Steakhouse\",\"description\":\"Holistin\u0117s virtuv\u0117s kepsni\u0173 namai XVI a. vienuolyne\",\"potentialAction\":[{\"@type\":\"SearchAction\",\"target\":{\"@type\":\"EntryPoint\",\"urlTemplate\":\"https:\\\/\\\/steakhouse.keyboart.lt\\\/en\\\/?s={search_term_string}\"},\"query-input\":{\"@type\":\"PropertyValueSpecification\",\"valueRequired\":true,\"valueName\":\"search_term_string\"}}],\"inLanguage\":\"en-US\"}]}<\/script>\n<!-- \/ Yoast SEO plugin. -->","yoast_head_json":{"title":"Privacy policy - Hazienda Steakhouse","robots":{"index":"noindex","follow":"follow","max-snippet":"max-snippet:-1","max-image-preview":"max-image-preview:large","max-video-preview":"max-video-preview:-1"},"og_locale":"en_US","og_type":"article","og_title":"Privacy policy - Hazienda Steakhouse","og_url":"https:\/\/steakhouse.keyboart.lt\/en\/privacy-policy\/","og_site_name":"Hazienda Steakhouse","article_modified_time":"2026-03-05T08:27:48+00:00","twitter_card":"summary_large_image","twitter_misc":{"Est. reading time":"3 minutes"},"schema":{"@context":"https:\/\/schema.org","@graph":[{"@type":"WebPage","@id":"https:\/\/steakhouse.keyboart.lt\/en\/privacy-policy\/","url":"https:\/\/steakhouse.keyboart.lt\/en\/privacy-policy\/","name":"Privacy policy - Hazienda Steakhouse","isPartOf":{"@id":"https:\/\/steakhouse.keyboart.lt\/en\/#website"},"datePublished":"2026-02-25T09:58:45+00:00","dateModified":"2026-03-05T08:27:48+00:00","breadcrumb":{"@id":"https:\/\/steakhouse.keyboart.lt\/en\/privacy-policy\/#breadcrumb"},"inLanguage":"en-US","potentialAction":[{"@type":"ReadAction","target":["https:\/\/steakhouse.keyboart.lt\/en\/privacy-policy\/"]}]},{"@type":"BreadcrumbList","@id":"https:\/\/steakhouse.keyboart.lt\/en\/privacy-policy\/#breadcrumb","itemListElement":[{"@type":"ListItem","position":1,"name":"Home","item":"https:\/\/steakhouse.keyboart.lt\/en\/"},{"@type":"ListItem","position":2,"name":"Privacy policy"}]},{"@type":"WebSite","@id":"https:\/\/steakhouse.keyboart.lt\/en\/#website","url":"https:\/\/steakhouse.keyboart.lt\/en\/","name":"Hazienda Steakhouse","description":"Holistin\u0117s virtuv\u0117s kepsni\u0173 namai XVI a. vienuolyne","potentialAction":[{"@type":"SearchAction","target":{"@type":"EntryPoint","urlTemplate":"https:\/\/steakhouse.keyboart.lt\/en\/?s={search_term_string}"},"query-input":{"@type":"PropertyValueSpecification","valueRequired":true,"valueName":"search_term_string"}}],"inLanguage":"en-US"}]}},"_links":{"self":[{"href":"https:\/\/steakhouse.keyboart.lt\/en\/wp-json\/wp\/v2\/pages\/442","targetHints":{"allow":["GET"]}}],"collection":[{"href":"https:\/\/steakhouse.keyboart.lt\/en\/wp-json\/wp\/v2\/pages"}],"about":[{"href":"https:\/\/steakhouse.keyboart.lt\/en\/wp-json\/wp\/v2\/types\/page"}],"author":[{"embeddable":true,"href":"https:\/\/steakhouse.keyboart.lt\/en\/wp-json\/wp\/v2\/users\/1"}],"replies":[{"embeddable":true,"href":"https:\/\/steakhouse.keyboart.lt\/en\/wp-json\/wp\/v2\/comments?post=442"}],"version-history":[{"count":5,"href":"https:\/\/steakhouse.keyboart.lt\/en\/wp-json\/wp\/v2\/pages\/442\/revisions"}],"predecessor-version":[{"id":581,"href":"https:\/\/steakhouse.keyboart.lt\/en\/wp-json\/wp\/v2\/pages\/442\/revisions\/581"}],"wp:attachment":[{"href":"https:\/\/steakhouse.keyboart.lt\/en\/wp-json\/wp\/v2\/media?parent=442"}],"curies":[{"name":"wp","href":"https:\/\/api.w.org\/{rel}","templated":true}]}}